{"id":14,"date":"2024-10-30T14:54:03","date_gmt":"2024-10-30T14:54:03","guid":{"rendered":"https:\/\/olaszajto.cegem360.hu\/?page_id=14"},"modified":"2024-11-05T07:19:53","modified_gmt":"2024-11-05T07:19:53","slug":"kezdooldal","status":"publish","type":"page","link":"https:\/\/olaszajto.hu\/","title":{"rendered":"Kezd\u0151oldal"},"content":{"rendered":"\n  <div class=\"banner has-hover\" id=\"banner-876387540\">\n          <div class=\"banner-inner fill\">\n        <div class=\"banner-bg fill\" >\n            <img loading=\"lazy\" decoding=\"async\" width=\"1514\" height=\"600\" src=\"https:\/\/olaszajto.hu\/wp-content\/uploads\/2024\/10\/amb-2018-fianchi-luce-af0e0f3e.webp\" class=\"bg attachment-original size-original\" alt=\"\" \/>                        <div class=\"overlay\"><\/div>            \n                    <\/div>\n\t\t\n        <div class=\"banner-layers container\">\n            <div class=\"fill banner-link\"><\/div>            \n   <div id=\"text-box-1746416460\" class=\"text-box banner-layer x0 md-x0 lg-x0 y50 md-y50 lg-y50 res-text\">\n                                <div class=\"text-box-content text dark\">\n              \n              <div class=\"text-inner text-left\">\n                  \n<h2>Pr\u00e9mium olasz biztons\u00e1gi ajt\u00f3k otthon\u00e1ba<\/h2>\n\t<div id=\"text-382830673\" class=\"text\">\n\t\t\n<p><strong>Fedezze fel a MASTERDOOR kifinomult diz\u00e1jnj\u00e1t \u00e9s megb\u00edzhat\u00f3s\u00e1g\u00e1t <br \/>\u2013 st\u00edlus \u00e9s min\u0151s\u00e9g egy helyen, az \u00d6n ig\u00e9nyeire szabva!<\/strong><\/p>\n\t\t\n<style>\n#text-382830673 {\n  font-size: 1.25rem;\n}\n<\/style>\n\t<\/div>\n\t\n\t<div id=\"gap-1959161056\" class=\"gap-element clearfix\" style=\"display:block; height:auto;\">\n\t\t\n<style>\n#gap-1959161056 {\n  padding-top: 15px;\n}\n<\/style>\n\t<\/div>\n\t\n<a href=\"\/termekeink\/\" class=\"button primary lowercase\"  style=\"border-radius:99px;padding:5px 30px 5px 30px;\">\n\t\t<span>Term\u00e9keink<\/span>\n\t<\/a>\n\n              <\/div>\n           <\/div>\n                            \n<style>\n#text-box-1746416460 {\n  width: 60%;\n}\n#text-box-1746416460 .text-box-content {\n  font-size: 100%;\n}\n<\/style>\n    <\/div>\n \n        <\/div>\n      <\/div>\n\n            \n<style>\n#banner-876387540 {\n  padding-top: 670px;\n  background-color: rgb(255,255,255);\n}\n#banner-876387540 .overlay {\n  background-color: rgba(0, 0, 0, 0.25);\n}\n#banner-876387540 .banner-bg img {\n  object-position: 50% 50%;\n}\n<\/style>\n  <\/div>\n\n\n\n\t<section class=\"section\" id=\"section_612039714\">\n\t\t<div class=\"section-bg fill\" >\n\t\t\t\t\t\t\t\t\t\n\t\t\t\n\n\t\t<\/div>\n\n\t\t\n\n\t\t<div class=\"section-content relative\">\n\t\t\t\n\t<div id=\"gap-126311064\" class=\"gap-element clearfix\" style=\"display:block; height:auto;\">\n\t\t\n<style>\n#gap-126311064 {\n  padding-top: 30px;\n}\n<\/style>\n\t<\/div>\n\t\n<div class=\"row\"  id=\"row-1017042330\">\n\n\t<div id=\"col-545894015\" class=\"col small-12 large-12\"  >\n\t\t\t\t<div class=\"col-inner\"  >\n\t\t\t\n\t\t\t\n\t<div id=\"gap-1344829134\" class=\"gap-element clearfix\" style=\"display:block; height:auto;\">\n\t\t\n<style>\n#gap-1344829134 {\n  padding-top: 30px;\n}\n<\/style>\n\t<\/div>\n\t\n\t<div id=\"text-194464499\" class=\"text\">\n\t\t\n<h2>MASTERDOOR ajt\u00f3k forgalmaz\u00e1sa<\/h2>\n\t\t\n<style>\n#text-194464499 {\n  font-size: 1.25rem;\n}\n<\/style>\n\t<\/div>\n\t\n\t\t<\/div>\n\t\t\t\t\t<\/div>\n\n\t\n<\/div>\n<div class=\"row\"  id=\"row-123426504\">\n\n\t<div id=\"col-1726830437\" class=\"col medium-6 small-12 large-6\"  >\n\t\t\t\t<div class=\"col-inner\"  >\n\t\t\t\n\t\t\t\n\t<div id=\"text-3302134539\" class=\"text\">\n\t\t\n<p>Az olasz MASTERDOOR term\u00e9kek kimagasl\u00f3 min\u0151s\u00e9get \u00e9s eszt\u00e9tikai \u00e9lm\u00e9nyt ny\u00fajtanak, amelyek t\u00f6k\u00e9letesen illeszkednek a modern \u00e9s hagyom\u00e1nyos otthonokba egyar\u00e1nt.<\/p>\n<p>Az oldalon forgalmazott ajt\u00f3k innovat\u00edv technol\u00f3gi\u00e1val \u00e9s r\u00e9szletek ir\u00e1nti figyelemmel k\u00e9sz\u00fclnek, garant\u00e1lva a hossz\u00fa t\u00e1v\u00fa tart\u00f3ss\u00e1got \u00e9s id\u0151t\u00e1ll\u00f3 megjelen\u00e9st.<\/p>\n\t\t\n<style>\n#text-3302134539 {\n  font-size: 1.25rem;\n}\n<\/style>\n\t<\/div>\n\t\n\t\t<\/div>\n\t\t\t\t\t<\/div>\n\n\t\n\n\t<div id=\"col-1500625528\" class=\"col medium-6 small-12 large-6\"  >\n\t\t\t\t<div class=\"col-inner\"  >\n\t\t\t\n\t\t\t\n<p>K\u00edn\u00e1latunkban sz\u00e1mos st\u00edlus \u00e9s kivitel tal\u00e1lhat\u00f3, amelyek k\u00f6z\u00f6tt mindenki megtal\u00e1lhatja az otthon\u00e1ba ill\u0151, ig\u00e9nyeinek megfelel\u0151 modellt.<\/p>\n<p>A MASTERDOOR term\u00e9kek az olasz diz\u00e1jn eleganci\u00e1j\u00e1t \u00e9s funkcionalit\u00e1s\u00e1t hozz\u00e1k el minden v\u00e1s\u00e1rl\u00f3nknak, megalkuv\u00e1s n\u00e9lk\u00fcl. Fedezze fel az ajt\u00f3k vil\u00e1g\u00e1t vel\u00fcnk, \u00e9s v\u00e1lassza a MASTERDOOR-t, ha pr\u00e9mium min\u0151s\u00e9gre v\u00e1gyik!<\/p>\n\t\t<\/div>\n\t\t\t\t\t<\/div>\n\n\t\n<\/div>\n\t\t<\/div>\n\n\t\t\n<style>\n#section_612039714 {\n  padding-top: 0px;\n  padding-bottom: 0px;\n}\n<\/style>\n\t<\/section>\n\t\n\n\t<section class=\"section\" id=\"section_1117459332\">\n\t\t<div class=\"section-bg fill\" >\n\t\t\t\t\t\t\t\t\t\n\t\t\t\n\n\t\t<\/div>\n\n\t\t\n\n\t\t<div class=\"section-content relative\">\n\t\t\t\n\t<div id=\"gap-940172717\" class=\"gap-element clearfix\" style=\"display:block; height:auto;\">\n\t\t\n<style>\n#gap-940172717 {\n  padding-top: 60px;\n}\n<\/style>\n\t<\/div>\n\t\n<div class=\"row\"  id=\"row-490757009\">\n\n\t<div id=\"col-765532385\" class=\"col small-12 large-12\"  >\n\t\t\t\t<div class=\"col-inner\"  >\n\t\t\t\n\t\t\t\n\t<div id=\"text-2577516134\" class=\"text\">\n\t\t\n<h2>Szolg\u00e1ltat\u00e1saink<\/h2>\n\t\t\n<style>\n#text-2577516134 {\n  font-size: 1.25rem;\n}\n<\/style>\n\t<\/div>\n\t\n\t\t<\/div>\n\t\t\t\t\t<\/div>\n\n\t\n<\/div>\n<div class=\"row align-equal align-center\"  id=\"row-2018494320\">\n\n\t<div id=\"col-334475248\" class=\"col medium-4 small-10 large-3\"  >\n\t\t\t\t<div class=\"col-inner\" style=\"background-color:rgb(255,255,255);\" >\n\t\t\t\n\t\t\t\n\t<div class=\"img has-hover x md-x lg-x y md-y lg-y\" id=\"image_1976040434\">\n\t\t\t\t\t\t\t\t<div class=\"img-inner image-cover dark\" style=\"padding-top:75%;margin:0px -25px 0px -25px;\">\n\t\t\t<img loading=\"lazy\" decoding=\"async\" width=\"600\" height=\"887\" src=\"https:\/\/olaszajto.hu\/wp-content\/uploads\/2024\/10\/amb-2018-euro95metallumMML01-arancio-960-59c1021d.webp\" class=\"attachment-large size-large\" alt=\"\" srcset=\"https:\/\/olaszajto.hu\/wp-content\/uploads\/2024\/10\/amb-2018-euro95metallumMML01-arancio-960-59c1021d.webp 600w, https:\/\/olaszajto.hu\/wp-content\/uploads\/2024\/10\/amb-2018-euro95metallumMML01-arancio-960-59c1021d-203x300.webp 203w\" sizes=\"auto, (max-width: 600px) 100vw, 600px\" \/>\t\t\t\t\t\t\n\t\t\t\t\t<\/div>\n\t\t\t\t\t\t\t\t\n<style>\n#image_1976040434 {\n  width: 100%;\n}\n<\/style>\n\t<\/div>\n\t\n\t<div id=\"gap-1892935125\" class=\"gap-element clearfix\" style=\"display:block; height:auto;\">\n\t\t\n<style>\n#gap-1892935125 {\n  padding-top: 10px;\n}\n<\/style>\n\t<\/div>\n\t\n\t<div id=\"text-2223914101\" class=\"text\">\n\t\t\n<h3>Szem\u00e9lyre szabott tan\u00e1csad\u00e1s<\/h3>\n<p>Seg\u00edt\u00fcnk megtal\u00e1lni a t\u00f6k\u00e9letes ajt\u00f3t, amely st\u00edlusban \u00e9s funkci\u00f3ban is illeszkedik otthon\u00e1hoz.<\/p>\n\t\t\n<style>\n#text-2223914101 {\n  font-size: 1.25rem;\n}\n<\/style>\n\t<\/div>\n\t\n\t\t<\/div>\n\t\t\t\t\n<style>\n#col-334475248 > .col-inner {\n  padding: 0px 25px 0px 25px;\n}\n<\/style>\n\t<\/div>\n\n\t\n\n\t<div id=\"col-2052012999\" class=\"col medium-4 small-10 large-3\"  >\n\t\t\t\t<div class=\"col-inner\" style=\"background-color:rgb(255,255,255);\" >\n\t\t\t\n\t\t\t\n\t<div class=\"img has-hover x md-x lg-x y md-y lg-y\" id=\"image_429648182\">\n\t\t\t\t\t\t\t\t<div class=\"img-inner image-cover dark\" style=\"padding-top:75%;margin:0px -25px 0px -25px;\">\n\t\t\t<img loading=\"lazy\" decoding=\"async\" width=\"1020\" height=\"404\" src=\"https:\/\/olaszajto.hu\/wp-content\/uploads\/2024\/10\/amb-2018-fianchi-luce-af0e0f3e-1024x406.webp\" class=\"attachment-large size-large\" alt=\"\" srcset=\"https:\/\/olaszajto.hu\/wp-content\/uploads\/2024\/10\/amb-2018-fianchi-luce-af0e0f3e-1024x406.webp 1024w, https:\/\/olaszajto.hu\/wp-content\/uploads\/2024\/10\/amb-2018-fianchi-luce-af0e0f3e-600x238.webp 600w, https:\/\/olaszajto.hu\/wp-content\/uploads\/2024\/10\/amb-2018-fianchi-luce-af0e0f3e-300x119.webp 300w, https:\/\/olaszajto.hu\/wp-content\/uploads\/2024\/10\/amb-2018-fianchi-luce-af0e0f3e-768x304.webp 768w, https:\/\/olaszajto.hu\/wp-content\/uploads\/2024\/10\/amb-2018-fianchi-luce-af0e0f3e.webp 1514w\" sizes=\"auto, (max-width: 1020px) 100vw, 1020px\" \/>\t\t\t\t\t\t\n\t\t\t\t\t<\/div>\n\t\t\t\t\t\t\t\t\n<style>\n#image_429648182 {\n  width: 100%;\n}\n<\/style>\n\t<\/div>\n\t\n\t<div id=\"gap-847941067\" class=\"gap-element clearfix\" style=\"display:block; height:auto;\">\n\t\t\n<style>\n#gap-847941067 {\n  padding-top: 10px;\n}\n<\/style>\n\t<\/div>\n\t\n\t<div id=\"text-964467302\" class=\"text\">\n\t\t\n<h3>Sz\u00e9les term\u00e9kv\u00e1laszt\u00e9k<\/h3>\n<p>K\u00edn\u00e1latunkban modern \u00e9s klasszikus ajt\u00f3k egyar\u00e1nt megtal\u00e1lhat\u00f3k, \u00edgy mindenki megtal\u00e1lhatja az ig\u00e9nyeinek megfelel\u0151 modellt.<\/p>\n\t\t\n<style>\n#text-964467302 {\n  font-size: 1.25rem;\n}\n<\/style>\n\t<\/div>\n\t\n\t\t<\/div>\n\t\t\t\t\n<style>\n#col-2052012999 > .col-inner {\n  padding: 0px 25px 0px 25px;\n}\n<\/style>\n\t<\/div>\n\n\t\n\n\t<div id=\"col-955958057\" class=\"col medium-4 small-10 large-3\"  >\n\t\t\t\t<div class=\"col-inner\" style=\"background-color:rgb(255,255,255);\" >\n\t\t\t\n\t\t\t\n\t<div class=\"img has-hover x md-x lg-x y md-y lg-y\" id=\"image_2109601378\">\n\t\t\t\t\t\t\t\t<div class=\"img-inner image-cover dark\" style=\"padding-top:75%;margin:0px -25px 0px -25px;\">\n\t\t\t<img loading=\"lazy\" decoding=\"async\" width=\"960\" height=\"685\" src=\"https:\/\/olaszajto.hu\/wp-content\/uploads\/2024\/10\/amb-2018-FLAT-C-soglia-ulisse-6e6d54e5.webp\" class=\"attachment-large size-large\" alt=\"\" srcset=\"https:\/\/olaszajto.hu\/wp-content\/uploads\/2024\/10\/amb-2018-FLAT-C-soglia-ulisse-6e6d54e5.webp 960w, https:\/\/olaszajto.hu\/wp-content\/uploads\/2024\/10\/amb-2018-FLAT-C-soglia-ulisse-6e6d54e5-600x428.webp 600w, https:\/\/olaszajto.hu\/wp-content\/uploads\/2024\/10\/amb-2018-FLAT-C-soglia-ulisse-6e6d54e5-300x214.webp 300w, https:\/\/olaszajto.hu\/wp-content\/uploads\/2024\/10\/amb-2018-FLAT-C-soglia-ulisse-6e6d54e5-768x548.webp 768w\" sizes=\"auto, (max-width: 960px) 100vw, 960px\" \/>\t\t\t\t\t\t\n\t\t\t\t\t<\/div>\n\t\t\t\t\t\t\t\t\n<style>\n#image_2109601378 {\n  width: 100%;\n}\n<\/style>\n\t<\/div>\n\t\n\t<div id=\"gap-1231979721\" class=\"gap-element clearfix\" style=\"display:block; height:auto;\">\n\t\t\n<style>\n#gap-1231979721 {\n  padding-top: 10px;\n}\n<\/style>\n\t<\/div>\n\t\n\t<div id=\"text-1933652319\" class=\"text\">\n\t\t\n<h3>Professzion\u00e1lis be\u00e9p\u00edt\u00e9s<\/h3>\n<p>Tapasztalt szakembereink biztos\u00edtj\u00e1k az ajt\u00f3k prec\u00edz \u00e9s megb\u00edzhat\u00f3 be\u00e9p\u00edt\u00e9s\u00e9t a tart\u00f3s eredm\u00e9ny \u00e9rdek\u00e9ben.<\/p>\n\t\t\n<style>\n#text-1933652319 {\n  font-size: 1.25rem;\n}\n<\/style>\n\t<\/div>\n\t\n\t\t<\/div>\n\t\t\t\t\n<style>\n#col-955958057 > .col-inner {\n  padding: 0px 25px 0px 25px;\n}\n<\/style>\n\t<\/div>\n\n\t\n\n\t<div id=\"col-1767050504\" class=\"col medium-4 small-10 large-3\"  >\n\t\t\t\t<div class=\"col-inner\" style=\"background-color:rgb(255,255,255);\" >\n\t\t\t\n\t\t\t\n\t<div class=\"img has-hover x md-x lg-x y md-y lg-y\" id=\"image_342484356\">\n\t\t\t\t\t\t\t\t<div class=\"img-inner image-cover dark\" style=\"padding-top:75%;margin:0px -25px 0px -25px;\">\n\t\t\t<img loading=\"lazy\" decoding=\"async\" width=\"960\" height=\"685\" src=\"https:\/\/olaszajto.hu\/wp-content\/uploads\/2024\/10\/amb-2018-tech-rossa-3aa0154d.webp\" class=\"attachment-large size-large\" alt=\"\" srcset=\"https:\/\/olaszajto.hu\/wp-content\/uploads\/2024\/10\/amb-2018-tech-rossa-3aa0154d.webp 960w, https:\/\/olaszajto.hu\/wp-content\/uploads\/2024\/10\/amb-2018-tech-rossa-3aa0154d-600x428.webp 600w, https:\/\/olaszajto.hu\/wp-content\/uploads\/2024\/10\/amb-2018-tech-rossa-3aa0154d-300x214.webp 300w, https:\/\/olaszajto.hu\/wp-content\/uploads\/2024\/10\/amb-2018-tech-rossa-3aa0154d-768x548.webp 768w\" sizes=\"auto, (max-width: 960px) 100vw, 960px\" \/>\t\t\t\t\t\t\n\t\t\t\t\t<\/div>\n\t\t\t\t\t\t\t\t\n<style>\n#image_342484356 {\n  width: 100%;\n}\n<\/style>\n\t<\/div>\n\t\n\t<div id=\"gap-1111828772\" class=\"gap-element clearfix\" style=\"display:block; height:auto;\">\n\t\t\n<style>\n#gap-1111828772 {\n  padding-top: 10px;\n}\n<\/style>\n\t<\/div>\n\t\n\t<div id=\"text-3386939458\" class=\"text\">\n\t\t\n<h3>Hossz\u00fa t\u00e1v\u00fa garancia<\/h3>\n<p>A MASTERDOOR ajt\u00f3k min\u0151s\u00e9g\u00e9re garanci\u00e1t v\u00e1llalunk, \u00edgy \u00d6nnek csak az otthon k\u00e9nyelm\u00e9vel kell foglalkoznia.<\/p>\n\t\t\n<style>\n#text-3386939458 {\n  font-size: 1.25rem;\n}\n<\/style>\n\t<\/div>\n\t\n\t\t<\/div>\n\t\t\t\t\n<style>\n#col-1767050504 > .col-inner {\n  padding: 0px 25px 0px 25px;\n}\n<\/style>\n\t<\/div>\n\n\t\n<\/div>\n\t<div id=\"gap-1725058696\" class=\"gap-element clearfix\" style=\"display:block; height:auto;\">\n\t\t\n<style>\n#gap-1725058696 {\n  padding-top: 60px;\n}\n<\/style>\n\t<\/div>\n\t\n\t\t<\/div>\n\n\t\t\n<style>\n#section_1117459332 {\n  padding-top: 0px;\n  padding-bottom: 0px;\n  background-color: rgb(240, 240, 240);\n}\n<\/style>\n\t<\/section>\n\t\n\n\t<section class=\"section\" id=\"section_1027916738\">\n\t\t<div class=\"section-bg fill\" >\n\t\t\t\t\t\t\t\t\t\n\t\t\t\n\n\t\t<\/div>\n\n\t\t\n\n\t\t<div class=\"section-content relative\">\n\t\t\t\n\t<div id=\"gap-1033805715\" class=\"gap-element clearfix\" style=\"display:block; height:auto;\">\n\t\t\n<style>\n#gap-1033805715 {\n  padding-top: 60px;\n}\n<\/style>\n\t<\/div>\n\t\n<div class=\"row\"  id=\"row-530326568\">\n\n\t<div id=\"col-1570208985\" class=\"col small-12 large-12\"  >\n\t\t\t\t<div class=\"col-inner\"  >\n\t\t\t\n\t\t\t\n\t<div id=\"text-188836265\" class=\"text\">\n\t\t\n<h2>Megb\u00edzhat\u00f3 biztons\u00e1g az otthona sz\u00e1m\u00e1ra<\/h2>\n\t\t\n<style>\n#text-188836265 {\n  font-size: 1.25rem;\n}\n<\/style>\n\t<\/div>\n\t\n\t\t<\/div>\n\t\t\t\t\t<\/div>\n\n\t\n<\/div>\n<div class=\"row\"  id=\"row-844820415\">\n\n\t<div id=\"col-414134150\" class=\"col medium-4 small-12 large-4\"  >\n\t\t\t\t<div class=\"col-inner\"  >\n\t\t\t\n\t\t\t\n\t<div class=\"img has-hover x md-x lg-x y md-y lg-y\" id=\"image_14206027\">\n\t\t\t\t\t\t\t\t<div class=\"img-inner image-cover dark\" style=\"padding-top:65%;\">\n\t\t\t<img loading=\"lazy\" decoding=\"async\" width=\"960\" height=\"685\" src=\"https:\/\/olaszajto.hu\/wp-content\/uploads\/2024\/10\/amb-2018-vitrum-7737ae6f.webp\" class=\"attachment-large size-large\" alt=\"\" srcset=\"https:\/\/olaszajto.hu\/wp-content\/uploads\/2024\/10\/amb-2018-vitrum-7737ae6f.webp 960w, https:\/\/olaszajto.hu\/wp-content\/uploads\/2024\/10\/amb-2018-vitrum-7737ae6f-600x428.webp 600w, https:\/\/olaszajto.hu\/wp-content\/uploads\/2024\/10\/amb-2018-vitrum-7737ae6f-300x214.webp 300w, https:\/\/olaszajto.hu\/wp-content\/uploads\/2024\/10\/amb-2018-vitrum-7737ae6f-768x548.webp 768w\" sizes=\"auto, (max-width: 960px) 100vw, 960px\" \/>\t\t\t\t\t\t\n\t\t\t\t\t<\/div>\n\t\t\t\t\t\t\t\t\n<style>\n#image_14206027 {\n  width: 100%;\n}\n<\/style>\n\t<\/div>\n\t\n\t<div id=\"gap-2133840\" class=\"gap-element clearfix\" style=\"display:block; height:auto;\">\n\t\t\n<style>\n#gap-2133840 {\n  padding-top: 30px;\n}\n<\/style>\n\t<\/div>\n\t\n\t<div id=\"text-2534044763\" class=\"text\">\n\t\t\n<h3>Tart\u00f3s anyagok <br \/>\u00e9s prec\u00edz gy\u00e1rt\u00e1s<\/h3>\n<p>A MASTERDOOR ajt\u00f3k kiv\u00e1l\u00f3 min\u0151s\u00e9g\u0171 alapanyagokb\u00f3l k\u00e9sz\u00fclnek, amelyek ellen\u00e1llnak a k\u00fcls\u0151 hat\u00e1soknak \u00e9s v\u00e9delmet ny\u00fajtanak otthon\u00e1nak.<\/p>\n\t\t\n<style>\n#text-2534044763 {\n  font-size: 1.25rem;\n}\n<\/style>\n\t<\/div>\n\t\n\t\t<\/div>\n\t\t\t\t\t<\/div>\n\n\t\n\n\t<div id=\"col-702779871\" class=\"col medium-4 small-12 large-4\"  >\n\t\t\t\t<div class=\"col-inner\"  >\n\t\t\t\n\t\t\t\n\t<div class=\"img has-hover x md-x lg-x y md-y lg-y\" id=\"image_2026410325\">\n\t\t\t\t\t\t\t\t<div class=\"img-inner image-cover dark\" style=\"padding-top:65%;\">\n\t\t\t<img loading=\"lazy\" decoding=\"async\" width=\"960\" height=\"695\" src=\"https:\/\/olaszajto.hu\/wp-content\/uploads\/2024\/10\/riga_gutenberg_home-9861e710.webp\" class=\"attachment-large size-large\" alt=\"\" srcset=\"https:\/\/olaszajto.hu\/wp-content\/uploads\/2024\/10\/riga_gutenberg_home-9861e710.webp 960w, https:\/\/olaszajto.hu\/wp-content\/uploads\/2024\/10\/riga_gutenberg_home-9861e710-600x434.webp 600w, https:\/\/olaszajto.hu\/wp-content\/uploads\/2024\/10\/riga_gutenberg_home-9861e710-300x217.webp 300w, https:\/\/olaszajto.hu\/wp-content\/uploads\/2024\/10\/riga_gutenberg_home-9861e710-768x556.webp 768w\" sizes=\"auto, (max-width: 960px) 100vw, 960px\" \/>\t\t\t\t\t\t\n\t\t\t\t\t<\/div>\n\t\t\t\t\t\t\t\t\n<style>\n#image_2026410325 {\n  width: 100%;\n}\n<\/style>\n\t<\/div>\n\t\n\t<div id=\"gap-493509978\" class=\"gap-element clearfix\" style=\"display:block; height:auto;\">\n\t\t\n<style>\n#gap-493509978 {\n  padding-top: 30px;\n}\n<\/style>\n\t<\/div>\n\t\n\t<div id=\"text-3983694603\" class=\"text\">\n\t\t\n<h3>Fejlett <br \/>z\u00e1rrendszerek<\/h3>\n<p>Minden ajt\u00f3 korszer\u0171, t\u00f6bbpontos z\u00e1rral \u00e9s speci\u00e1lis biztons\u00e1gi mechanizmusokkal van felszerelve a maxim\u00e1lis v\u00e9delem \u00e9rdek\u00e9ben.<\/p>\n\t\t\n<style>\n#text-3983694603 {\n  font-size: 1.25rem;\n}\n<\/style>\n\t<\/div>\n\t\n\t\t<\/div>\n\t\t\t\t\t<\/div>\n\n\t\n\n\t<div id=\"col-251190573\" class=\"col medium-4 small-12 large-4\"  >\n\t\t\t\t<div class=\"col-inner\"  >\n\t\t\t\n\t\t\t\n\t<div class=\"img has-hover x md-x lg-x y md-y lg-y\" id=\"image_109934742\">\n\t\t\t\t\t\t\t\t<div class=\"img-inner image-cover dark\" style=\"padding-top:65%;\">\n\t\t\t<img loading=\"lazy\" decoding=\"async\" width=\"960\" height=\"695\" src=\"https:\/\/olaszajto.hu\/wp-content\/uploads\/2024\/10\/master_tech_home-ef3866a8.webp\" class=\"attachment-large size-large\" alt=\"\" srcset=\"https:\/\/olaszajto.hu\/wp-content\/uploads\/2024\/10\/master_tech_home-ef3866a8.webp 960w, https:\/\/olaszajto.hu\/wp-content\/uploads\/2024\/10\/master_tech_home-ef3866a8-600x434.webp 600w, https:\/\/olaszajto.hu\/wp-content\/uploads\/2024\/10\/master_tech_home-ef3866a8-300x217.webp 300w, https:\/\/olaszajto.hu\/wp-content\/uploads\/2024\/10\/master_tech_home-ef3866a8-768x556.webp 768w\" sizes=\"auto, (max-width: 960px) 100vw, 960px\" \/>\t\t\t\t\t\t\n\t\t\t\t\t<\/div>\n\t\t\t\t\t\t\t\t\n<style>\n#image_109934742 {\n  width: 100%;\n}\n<\/style>\n\t<\/div>\n\t\n\t<div id=\"gap-359298715\" class=\"gap-element clearfix\" style=\"display:block; height:auto;\">\n\t\t\n<style>\n#gap-359298715 {\n  padding-top: 30px;\n}\n<\/style>\n\t<\/div>\n\t\n\t<div id=\"text-2445400034\" class=\"text\">\n\t\t\n<h3>Behatol\u00e1s elleni <br \/>v\u00e9delem<\/h3>\n<p>Az ajt\u00f3k tervez\u00e9s\u00e9n\u00e9l k\u00fcl\u00f6n\u00f6s figyelmet ford\u00edtanak a behatol\u00e1s elleni v\u00e9delemre, amely megb\u00edzhat\u00f3 biztons\u00e1got ny\u00fajt \u00d6nnek \u00e9s csal\u00e1dj\u00e1nak.<\/p>\n\t\t\n<style>\n#text-2445400034 {\n  font-size: 1.25rem;\n}\n<\/style>\n\t<\/div>\n\t\n\t\t<\/div>\n\t\t\t\t\t<\/div>\n\n\t\n<\/div>\n\t<div id=\"gap-1985027172\" class=\"gap-element clearfix\" style=\"display:block; height:auto;\">\n\t\t\n<style>\n#gap-1985027172 {\n  padding-top: 60px;\n}\n<\/style>\n\t<\/div>\n\t\n\t\t<\/div>\n\n\t\t\n<style>\n#section_1027916738 {\n  padding-top: 0px;\n  padding-bottom: 0px;\n}\n<\/style>\n\t<\/section>\n\t\n","protected":false},"excerpt":{"rendered":"","protected":false},"author":1,"featured_media":0,"parent":0,"menu_order":0,"comment_status":"closed","ping_status":"closed","template":"page-blank.php","meta":{"footnotes":""},"class_list":["post-14","page","type-page","status-publish","hentry"],"yoast_head":"<!-- This site is optimized with the Yoast SEO plugin v26.9 - https:\/\/yoast.com\/product\/yoast-seo-wordpress\/ -->\n<title>Kezd\u0151oldal - Olaszajt\u00f3.hu<\/title>\n<meta name=\"robots\" content=\"index, follow, max-snippet:-1, max-image-preview:large, max-video-preview:-1\" \/>\n<link rel=\"canonical\" href=\"https:\/\/olaszajto.hu\/\" \/>\n<meta property=\"og:locale\" content=\"hu_HU\" \/>\n<meta property=\"og:type\" content=\"article\" \/>\n<meta property=\"og:title\" content=\"Kezd\u0151oldal - Olaszajt\u00f3.hu\" \/>\n<meta property=\"og:url\" content=\"https:\/\/olaszajto.hu\/\" \/>\n<meta property=\"og:site_name\" content=\"Olaszajt\u00f3.hu\" \/>\n<meta property=\"article:modified_time\" content=\"2024-11-05T07:19:53+00:00\" \/>\n<meta name=\"twitter:card\" content=\"summary_large_image\" \/>\n<meta name=\"twitter:label1\" content=\"Becs\u00fclt olvas\u00e1si id\u0151\" \/>\n\t<meta name=\"twitter:data1\" content=\"4 perc\" \/>\n<script type=\"application\/ld+json\" class=\"yoast-schema-graph\">{\"@context\":\"https:\/\/schema.org\",\"@graph\":[{\"@type\":\"WebPage\",\"@id\":\"https:\/\/olaszajto.hu\/\",\"url\":\"https:\/\/olaszajto.hu\/\",\"name\":\"Kezd\u0151oldal - Olaszajt\u00f3.hu\",\"isPartOf\":{\"@id\":\"https:\/\/olaszajto.hu\/#website\"},\"datePublished\":\"2024-10-30T14:54:03+00:00\",\"dateModified\":\"2024-11-05T07:19:53+00:00\",\"breadcrumb\":{\"@id\":\"https:\/\/olaszajto.hu\/#breadcrumb\"},\"inLanguage\":\"hu\",\"potentialAction\":[{\"@type\":\"ReadAction\",\"target\":[\"https:\/\/olaszajto.hu\/\"]}]},{\"@type\":\"BreadcrumbList\",\"@id\":\"https:\/\/olaszajto.hu\/#breadcrumb\",\"itemListElement\":[{\"@type\":\"ListItem\",\"position\":1,\"name\":\"Kezd\u0151lap\",\"item\":\"https:\/\/olaszajto.hu\/\"},{\"@type\":\"ListItem\",\"position\":2,\"name\":\"Kezd\u0151oldal\"}]},{\"@type\":\"WebSite\",\"@id\":\"https:\/\/olaszajto.hu\/#website\",\"url\":\"https:\/\/olaszajto.hu\/\",\"name\":\"Olaszajt\u00f3.hu\",\"description\":\"MABISZ biztons\u00e1gi ajt\u00f3k, L\u00f6ved\u00e9k\u00e1ll\u00f3 bej\u00e1rati ajt\u00f3, Cser\u00e9lhet\u0151 ajt\u00f3 burkolat, Elektronikus z\u00e1rras ajt\u00f3k, Riaszt\u00f3rendszerrel kompatibilis ajt\u00f3k\",\"potentialAction\":[{\"@type\":\"SearchAction\",\"target\":{\"@type\":\"EntryPoint\",\"urlTemplate\":\"https:\/\/olaszajto.hu\/?s={search_term_string}\"},\"query-input\":{\"@type\":\"PropertyValueSpecification\",\"valueRequired\":true,\"valueName\":\"search_term_string\"}}],\"inLanguage\":\"hu\"}]}<\/script>\n<!-- \/ Yoast SEO plugin. -->","yoast_head_json":{"title":"Kezd\u0151oldal - Olaszajt\u00f3.hu","robots":{"index":"index","follow":"follow","max-snippet":"max-snippet:-1","max-image-preview":"max-image-preview:large","max-video-preview":"max-video-preview:-1"},"canonical":"https:\/\/olaszajto.hu\/","og_locale":"hu_HU","og_type":"article","og_title":"Kezd\u0151oldal - Olaszajt\u00f3.hu","og_url":"https:\/\/olaszajto.hu\/","og_site_name":"Olaszajt\u00f3.hu","article_modified_time":"2024-11-05T07:19:53+00:00","twitter_card":"summary_large_image","twitter_misc":{"Becs\u00fclt olvas\u00e1si id\u0151":"4 perc"},"schema":{"@context":"https:\/\/schema.org","@graph":[{"@type":"WebPage","@id":"https:\/\/olaszajto.hu\/","url":"https:\/\/olaszajto.hu\/","name":"Kezd\u0151oldal - Olaszajt\u00f3.hu","isPartOf":{"@id":"https:\/\/olaszajto.hu\/#website"},"datePublished":"2024-10-30T14:54:03+00:00","dateModified":"2024-11-05T07:19:53+00:00","breadcrumb":{"@id":"https:\/\/olaszajto.hu\/#breadcrumb"},"inLanguage":"hu","potentialAction":[{"@type":"ReadAction","target":["https:\/\/olaszajto.hu\/"]}]},{"@type":"BreadcrumbList","@id":"https:\/\/olaszajto.hu\/#breadcrumb","itemListElement":[{"@type":"ListItem","position":1,"name":"Kezd\u0151lap","item":"https:\/\/olaszajto.hu\/"},{"@type":"ListItem","position":2,"name":"Kezd\u0151oldal"}]},{"@type":"WebSite","@id":"https:\/\/olaszajto.hu\/#website","url":"https:\/\/olaszajto.hu\/","name":"Olaszajt\u00f3.hu","description":"MABISZ biztons\u00e1gi ajt\u00f3k, L\u00f6ved\u00e9k\u00e1ll\u00f3 bej\u00e1rati ajt\u00f3, Cser\u00e9lhet\u0151 ajt\u00f3 burkolat, Elektronikus z\u00e1rras ajt\u00f3k, Riaszt\u00f3rendszerrel kompatibilis ajt\u00f3k","potentialAction":[{"@type":"SearchAction","target":{"@type":"EntryPoint","urlTemplate":"https:\/\/olaszajto.hu\/?s={search_term_string}"},"query-input":{"@type":"PropertyValueSpecification","valueRequired":true,"valueName":"search_term_string"}}],"inLanguage":"hu"}]}},"_links":{"self":[{"href":"https:\/\/olaszajto.hu\/index.php\/wp-json\/wp\/v2\/pages\/14","targetHints":{"allow":["GET"]}}],"collection":[{"href":"https:\/\/olaszajto.hu\/index.php\/wp-json\/wp\/v2\/pages"}],"about":[{"href":"https:\/\/olaszajto.hu\/index.php\/wp-json\/wp\/v2\/types\/page"}],"author":[{"embeddable":true,"href":"https:\/\/olaszajto.hu\/index.php\/wp-json\/wp\/v2\/users\/1"}],"replies":[{"embeddable":true,"href":"https:\/\/olaszajto.hu\/index.php\/wp-json\/wp\/v2\/comments?post=14"}],"version-history":[{"count":21,"href":"https:\/\/olaszajto.hu\/index.php\/wp-json\/wp\/v2\/pages\/14\/revisions"}],"predecessor-version":[{"id":192,"href":"https:\/\/olaszajto.hu\/index.php\/wp-json\/wp\/v2\/pages\/14\/revisions\/192"}],"wp:attachment":[{"href":"https:\/\/olaszajto.hu\/index.php\/wp-json\/wp\/v2\/media?parent=14"}],"curies":[{"name":"wp","href":"https:\/\/api.w.org\/{rel}","templated":true}]}}